{"id":9592,"date":"2016-09-21T14:50:26","date_gmt":"2016-09-21T14:50:26","guid":{"rendered":"https:\/\/www.obleaspastor.com\/calidad\/"},"modified":"2021-04-07T09:24:35","modified_gmt":"2021-04-07T08:24:35","slug":"qualite","status":"publish","type":"page","link":"https:\/\/www.obleaspastor.com\/fr\/qualite\/","title":{"rendered":"Qualit\u00e9"},"content":{"rendered":"<div class=\"wpb-content-wrapper\"><p>[vc_row content_text_aligment=\u00a0\u00bbcenter\u00a0\u00bb css=\u00a0\u00bb.vc_custom_1610451755780{background-position: center !important;background-repeat: no-repeat !important;background-size: cover !important;}\u00a0\u00bb][vc_column css=\u00a0\u00bb.vc_custom_1613557578538{padding-top: 50px !important;background-image: url(https:\/\/www.obleaspastor.com\/wp-content\/uploads\/2021\/02\/web-calidad3.jpg?id=9252) !important;}\u00a0\u00bb]<div class=\"eltdf-elements-holder eltdf-responsive-mode-768\" ><div class=\"eltdf-eh-item \" data-item-class=\"eltdf-eh-custom-101548\" data-1280-1600=\"111px 20% 130px 20%\" data-1024-1280=\"111px 15% 130px 15%\" data-768-1024=\"111px 6% 130px 6%\" data-600-768=\"111px 6% 130px 6%\" data-480-600=\"111px 5% 130px 5%\" data-480=\"111px 5% 130px 5%\" >\n\t<div class=\"eltdf-eh-item-inner\" >\n\t\t<div class=\"eltdf-eh-item-content eltdf-eh-custom-101548\" style=\"padding: 111px 23% 130px 23%\">\n\t\t\t<div class=\"eltdf-section-title-holder\" >\n\t\t\t<h2 class=\"eltdf-st-title\" style=\"color: #0a0a0a\">\n\t\t\t<span>Recherche et d\u00e9veloppement<\/span>\n\t\t<\/h2>\n\t\t\t\t<h5 class=\"eltdf-st-text\" style=\"color: #0a0a0a;margin-top: 25px\">L\u2019am\u00e9lioration continue de nos processus et qualit\u00e9s, associ\u00e9e aux protocoles alimentaires et sanitaires les plus stricts, pour offrir le meilleur produit.<\/h5>\n\t<\/div>\t\t<\/div>\n\t<\/div>\n<\/div><\/div>[\/vc_column][\/vc_row][vc_row css=\u00a0\u00bb.vc_custom_1479391833811{padding-bottom: 18px !important;}\u00a0\u00bb][vc_column]<div class=\"eltdf-elements-holder eltdf-two-columns eltdf-responsive-mode-1024\" ><div class=\"eltdf-eh-item \" data-item-class=\"eltdf-eh-custom-429457\" data-1280-1600=\"86px 6% 55px 19%\" data-1024-1280=\"86px 0% 55px 22%\" data-768-1024=\"86px 34% 33px 12%\" data-600-768=\"86px 34% 33px 13%\" data-480=\"86px 13% 33px 13%\" >\n\t<div class=\"eltdf-eh-item-inner\" >\n\t\t<div class=\"eltdf-eh-item-content eltdf-eh-custom-429457\" style=\"padding: 86px 5% 55px 39%\">\n\t\t\t<div class=\"eltdf-animation-holder eltdf-element-from-right\" data-animation=\"eltdf-element-from-right\" data-animation-delay=\"400\"><div class=\"eltdf-animation-inner\">[vc_column_text]<\/p>\n<h3>Recherche et d\u00e9veloppement<\/h3>\n<p>Depuis ses d\u00e9buts, notre d\u00e9partement R &amp; D s\u2019est fortement concentr\u00e9 sur la sant\u00e9 et l\u2019alimentation, en recherchant constamment et en utilisant uniquement les meilleures mati\u00e8res premi\u00e8res du march\u00e9.<\/p>\n<p>Toute notre platine est exempte de gluten. Aujourd\u2019hui, nous travaillons main dans la main avec la FACE et d\u2019autres associations pour que notre papier d\u2019ostie arrive \u00e0 toutes les personnes coeliaques et qu\u2019elles n\u2019aient pas d\u2019obstacles \u00e0 y avoir acc\u00e8s.<\/p>\n<p>Nous innovons en machines et nouvelles techniques dans le monde de L\u2019Ostie, en offrant le meilleur packaging qui conserve 100% de sa qualit\u00e9. L\u2019Ostie que nous fabriquons est 100% naturel, et est con\u00e7ue pour diff\u00e9rentes utilisations et applications culinaires en p\u00e2tisserie et p\u00e2tisserie.<\/p>\n<h3>Qualit\u00e9 et Comp\u00e9titivit\u00e9<\/h3>\n<p>Fabriquer nos produits avec le meilleur rapport qualit\u00e9-prix et offrir au client un traitement familial et personnalis\u00e9, en obtenant de cette fa\u00e7on une fid\u00e9lit\u00e9 constante, puisque gr\u00e2ce \u00e0 eux Oblea Pastor, est aujourd\u2019hui une r\u00e9alit\u00e9 dans le monde entier.<\/p>\n<p>Chez Obleas Pastor, nous serons heureux de collaborer avec vous, pour trouver le produit qui r\u00e9pond le mieux \u00e0 tous vos besoins.<\/p>\n<p>&nbsp;<\/p>\n<p style=\"text-align: center;\"><img loading=\"lazy\" decoding=\"async\" class=\"alignnone wp-image-9371 size-full\" src=\"https:\/\/www.obleaspastor.com\/wp-content\/uploads\/2021\/03\/footer-5-1.png\" alt=\"\" width=\"173\" height=\"58\" \/><\/p>\n<h3>Certification IFS FOOD<\/h3>\n<div id=\"2988103\" class=\"component tuv-container\">\n<div class=\"tuv-container--text-image\">\n<div class=\"tuv-container--text-image__content\">\n<p>Cette norme internationale garantit la stabilit\u00e9 de la qualit\u00e9 tout au long de la cha\u00eene de production alimentaire. Avec la certification IFS Food, nous garantissons que les aliments que nous produisons r\u00e9pondent aux normes les plus strictes en mati\u00e8re de s\u00e9curit\u00e9, de qualit\u00e9 et de l\u00e9galit\u00e9.<\/p>\n<\/div>\n<\/div>\n<\/div>\n<div id=\"2988104\" class=\"component tuv-container\">\n<div class=\"tuv-container--text-image\">\n<div class=\"tuv-container__title-box\">\n<h3>Avantages de la certification IFS FOOD<\/h3>\n<\/div>\n<div class=\"tuv-container--text-image__content\">\n<ul class=\"0 tuv-list tuv-list--unordered \">\n<li class=\"tuv-list__item\">Se conformer aux sp\u00e9cifications de qualit\u00e9 \u00e9tablies par les clients<\/li>\n<li class=\"tuv-list__item\">Am\u00e9liorer la s\u00e9curit\u00e9 alimentaire<\/li>\n<\/ul>\n<p>&nbsp;<\/p>\n<\/div>\n<\/div>\n<\/div>\n<p>[\/vc_column_text]<\/div><\/div>[vc_empty_space height=\u00a0\u00bb48&Prime;]\t\t<\/div>\n\t<\/div>\n<\/div><div class=\"eltdf-eh-item \" data-item-class=\"eltdf-eh-custom-160777\" data-1280-1600=\"0 0 100px 0\" data-1024-1280=\"0 0 135px 0\" data-768-1024=\"200px 0 55px 0\" data-480=\"200px 0 88px 0\" >\n\t<div class=\"eltdf-eh-item-inner\" >\n\t\t<div class=\"eltdf-eh-item-content eltdf-eh-custom-160777\" >\n\t\t\t[vc_single_image image=\u00a0\u00bb9266&Prime; img_size=\u00a0\u00bbfull\u00a0\u00bb css=\u00a0\u00bb.vc_custom_1613565587804{margin-top: -160px !important;}\u00a0\u00bb]\t\t<\/div>\n\t<\/div>\n<\/div><\/div>[\/vc_column][\/vc_row][vc_row content_text_aligment=\u00a0\u00bbcenter\u00a0\u00bb css=\u00a0\u00bb.vc_custom_1610451755780{background-position: center !important;background-repeat: no-repeat !important;background-size: cover !important;}\u00a0\u00bb][vc_column css=\u00a0\u00bb.vc_custom_1612354253596{padding-top: 50px !important;background-image: url(https:\/\/www.obleaspastor.com\/wp-content\/uploads\/2021\/02\/web-fabricacion.jpg?id=9233) !important;}\u00a0\u00bb]<div class=\"eltdf-elements-holder eltdf-responsive-mode-768\" ><div class=\"eltdf-eh-item \" data-item-class=\"eltdf-eh-custom-998819\" data-1280-1600=\"111px 20% 130px 20%\" data-1024-1280=\"111px 15% 130px 15%\" data-768-1024=\"111px 6% 130px 6%\" data-600-768=\"111px 6% 130px 6%\" data-480-600=\"111px 5% 130px 5%\" data-480=\"111px 5% 130px 5%\" >\n\t<div class=\"eltdf-eh-item-inner\" >\n\t\t<div class=\"eltdf-eh-item-content eltdf-eh-custom-998819\" style=\"padding: 111px 23% 130px 23%\">\n\t\t\t<div class=\"eltdf-section-title-holder\" >\n\t\t\t<h2 class=\"eltdf-st-title\" style=\"color: #0a0a0a\">\n\t\t\t<span>Exclusivit\u00e9 et diff\u00e9renciation<\/span>\n\t\t<\/h2>\n\t\t\t\t<h5 class=\"eltdf-st-text\" style=\"color: #0a0a0a;margin-top: 25px\">Produits exclusifs: Formul\u00e9s et d\u00e9velopp\u00e9s en interne. Gamme de produits diff\u00e9renci\u00e9e et la plus large du march\u00e9.<\/h5>\n\t<\/div>\t\t<\/div>\n\t<\/div>\n<\/div><\/div>[\/vc_column][\/vc_row]<\/p>\n<\/div>","protected":false},"excerpt":{"rendered":"<p>[vc_row content_text_aligment=\u00a0\u00bbcenter\u00a0\u00bb css=\u00a0\u00bb.vc_custom_1610451755780{background-position: center !important;background-repeat: no-repeat !important;background-size: cover !important;}\u00a0\u00bb][vc_column css=\u00a0\u00bb.vc_custom_1613557578538{padding-top: 50px !important;background-image: url(https:\/\/www.obleaspastor.com\/wp-content\/uploads\/2021\/02\/web-calidad3.jpg?id=9252) !important;}\u00a0\u00bb][\/vc_column][\/vc_row][vc_row css=\u00a0\u00bb.vc_custom_1479391833811{padding-bottom: 18px !important;}\u00a0\u00bb][vc_column][\/vc_column][\/vc_row][vc_row content_text_aligment=\u00a0\u00bbcenter\u00a0\u00bb css=\u00a0\u00bb.vc_custom_1610451755780{background-position: center !important;background-repeat: no-repeat !important;background-size: cover !important;}\u00a0\u00bb][vc_column css=\u00a0\u00bb.vc_custom_1612354253596{padding-top: 50px !important;background-image: url(https:\/\/www.obleaspastor.com\/wp-content\/uploads\/2021\/02\/web-fabricacion.jpg?id=9233) !important;}\u00a0\u00bb][\/vc_column][\/vc_row]<\/p>\n","protected":false},"author":1,"featured_media":0,"parent":0,"menu_order":0,"comment_status":"closed","ping_status":"open","template":"full-width.php","meta":{"footnotes":""},"class_list":["post-9592","page","type-page","status-publish","hentry"],"yoast_head":"<!-- This site is optimized with the Yoast SEO plugin v27.3 - https:\/\/yoast.com\/product\/yoast-seo-wordpress\/ -->\n<title>Qualit\u00e9 &#187; Obleas Pastor<\/title>\n<meta name=\"robots\" content=\"index, follow, max-snippet:-1, max-image-preview:large, max-video-preview:-1\" \/>\n<link rel=\"canonical\" href=\"https:\/\/www.obleaspastor.com\/fr\/qualite\/\" \/>\n<script type=\"application\/ld+json\" class=\"yoast-schema-graph\">{\"@context\":\"https:\\\/\\\/schema.org\",\"@graph\":[{\"@type\":\"WebPage\",\"@id\":\"https:\\\/\\\/www.obleaspastor.com\\\/fr\\\/qualite\\\/\",\"url\":\"https:\\\/\\\/www.obleaspastor.com\\\/fr\\\/qualite\\\/\",\"name\":\"Qualit\u00e9 &#187; Obleas Pastor\",\"isPartOf\":{\"@id\":\"https:\\\/\\\/www.obleaspastor.com\\\/fr\\\/#website\"},\"primaryImageOfPage\":{\"@id\":\"https:\\\/\\\/www.obleaspastor.com\\\/fr\\\/qualite\\\/#primaryimage\"},\"image\":{\"@id\":\"https:\\\/\\\/www.obleaspastor.com\\\/fr\\\/qualite\\\/#primaryimage\"},\"thumbnailUrl\":\"https:\\\/\\\/www.obleaspastor.com\\\/wp-content\\\/uploads\\\/2021\\\/03\\\/footer-5-1.png\",\"datePublished\":\"2016-09-21T14:50:26+00:00\",\"dateModified\":\"2021-04-07T08:24:35+00:00\",\"breadcrumb\":{\"@id\":\"https:\\\/\\\/www.obleaspastor.com\\\/fr\\\/qualite\\\/#breadcrumb\"},\"inLanguage\":\"fr-FR\",\"potentialAction\":[{\"@type\":\"ReadAction\",\"target\":[\"https:\\\/\\\/www.obleaspastor.com\\\/fr\\\/qualite\\\/\"]}]},{\"@type\":\"ImageObject\",\"inLanguage\":\"fr-FR\",\"@id\":\"https:\\\/\\\/www.obleaspastor.com\\\/fr\\\/qualite\\\/#primaryimage\",\"url\":\"https:\\\/\\\/www.obleaspastor.com\\\/wp-content\\\/uploads\\\/2021\\\/03\\\/footer-5-1.png\",\"contentUrl\":\"https:\\\/\\\/www.obleaspastor.com\\\/wp-content\\\/uploads\\\/2021\\\/03\\\/footer-5-1.png\"},{\"@type\":\"BreadcrumbList\",\"@id\":\"https:\\\/\\\/www.obleaspastor.com\\\/fr\\\/qualite\\\/#breadcrumb\",\"itemListElement\":[{\"@type\":\"ListItem\",\"position\":1,\"name\":\"Portada\",\"item\":\"https:\\\/\\\/www.obleaspastor.com\\\/fr\\\/oblea-2\\\/\"},{\"@type\":\"ListItem\",\"position\":2,\"name\":\"Qualit\u00e9\"}]},{\"@type\":\"WebSite\",\"@id\":\"https:\\\/\\\/www.obleaspastor.com\\\/fr\\\/#website\",\"url\":\"https:\\\/\\\/www.obleaspastor.com\\\/fr\\\/\",\"name\":\"www.obleaspastor.com\",\"description\":\"Fabricante de Obleas en Alicante, Obleas para Imprimir, Boninas de Oblea, obleas a medida comestibles.\",\"publisher\":{\"@id\":\"https:\\\/\\\/www.obleaspastor.com\\\/fr\\\/#organization\"},\"alternateName\":\"Obleas Pastor\",\"potentialAction\":[{\"@type\":\"SearchAction\",\"target\":{\"@type\":\"EntryPoint\",\"urlTemplate\":\"https:\\\/\\\/www.obleaspastor.com\\\/fr\\\/?s={search_term_string}\"},\"query-input\":{\"@type\":\"PropertyValueSpecification\",\"valueRequired\":true,\"valueName\":\"search_term_string\"}}],\"inLanguage\":\"fr-FR\"},{\"@type\":\"Organization\",\"@id\":\"https:\\\/\\\/www.obleaspastor.com\\\/fr\\\/#organization\",\"name\":\"Obleas Pastor\",\"alternateName\":\"Obleas Pastor\",\"url\":\"https:\\\/\\\/www.obleaspastor.com\\\/fr\\\/\",\"logo\":{\"@type\":\"ImageObject\",\"inLanguage\":\"fr-FR\",\"@id\":\"https:\\\/\\\/www.obleaspastor.com\\\/fr\\\/#\\\/schema\\\/logo\\\/image\\\/\",\"url\":\"https:\\\/\\\/www.obleaspastor.com\\\/wp-content\\\/uploads\\\/2024\\\/09\\\/logo-pie.png\",\"contentUrl\":\"https:\\\/\\\/www.obleaspastor.com\\\/wp-content\\\/uploads\\\/2024\\\/09\\\/logo-pie.png\",\"width\":295,\"height\":163,\"caption\":\"Obleas Pastor\"},\"image\":{\"@id\":\"https:\\\/\\\/www.obleaspastor.com\\\/fr\\\/#\\\/schema\\\/logo\\\/image\\\/\"},\"sameAs\":[\"https:\\\/\\\/www.facebook.com\\\/obleaspastor\",\"https:\\\/\\\/www.linkedin.com\\\/company\\\/obleaspastor\\\/\",\"http:\\\/\\\/instagram.com\\\/obleaspastor\"]}]}<\/script>\n<!-- \/ Yoast SEO plugin. -->","yoast_head_json":{"title":"Qualit\u00e9 &#187; Obleas Pastor","robots":{"index":"index","follow":"follow","max-snippet":"max-snippet:-1","max-image-preview":"max-image-preview:large","max-video-preview":"max-video-preview:-1"},"canonical":"https:\/\/www.obleaspastor.com\/fr\/qualite\/","schema":{"@context":"https:\/\/schema.org","@graph":[{"@type":"WebPage","@id":"https:\/\/www.obleaspastor.com\/fr\/qualite\/","url":"https:\/\/www.obleaspastor.com\/fr\/qualite\/","name":"Qualit\u00e9 &#187; Obleas Pastor","isPartOf":{"@id":"https:\/\/www.obleaspastor.com\/fr\/#website"},"primaryImageOfPage":{"@id":"https:\/\/www.obleaspastor.com\/fr\/qualite\/#primaryimage"},"image":{"@id":"https:\/\/www.obleaspastor.com\/fr\/qualite\/#primaryimage"},"thumbnailUrl":"https:\/\/www.obleaspastor.com\/wp-content\/uploads\/2021\/03\/footer-5-1.png","datePublished":"2016-09-21T14:50:26+00:00","dateModified":"2021-04-07T08:24:35+00:00","breadcrumb":{"@id":"https:\/\/www.obleaspastor.com\/fr\/qualite\/#breadcrumb"},"inLanguage":"fr-FR","potentialAction":[{"@type":"ReadAction","target":["https:\/\/www.obleaspastor.com\/fr\/qualite\/"]}]},{"@type":"ImageObject","inLanguage":"fr-FR","@id":"https:\/\/www.obleaspastor.com\/fr\/qualite\/#primaryimage","url":"https:\/\/www.obleaspastor.com\/wp-content\/uploads\/2021\/03\/footer-5-1.png","contentUrl":"https:\/\/www.obleaspastor.com\/wp-content\/uploads\/2021\/03\/footer-5-1.png"},{"@type":"BreadcrumbList","@id":"https:\/\/www.obleaspastor.com\/fr\/qualite\/#breadcrumb","itemListElement":[{"@type":"ListItem","position":1,"name":"Portada","item":"https:\/\/www.obleaspastor.com\/fr\/oblea-2\/"},{"@type":"ListItem","position":2,"name":"Qualit\u00e9"}]},{"@type":"WebSite","@id":"https:\/\/www.obleaspastor.com\/fr\/#website","url":"https:\/\/www.obleaspastor.com\/fr\/","name":"www.obleaspastor.com","description":"Fabricante de Obleas en Alicante, Obleas para Imprimir, Boninas de Oblea, obleas a medida comestibles.","publisher":{"@id":"https:\/\/www.obleaspastor.com\/fr\/#organization"},"alternateName":"Obleas Pastor","potentialAction":[{"@type":"SearchAction","target":{"@type":"EntryPoint","urlTemplate":"https:\/\/www.obleaspastor.com\/fr\/?s={search_term_string}"},"query-input":{"@type":"PropertyValueSpecification","valueRequired":true,"valueName":"search_term_string"}}],"inLanguage":"fr-FR"},{"@type":"Organization","@id":"https:\/\/www.obleaspastor.com\/fr\/#organization","name":"Obleas Pastor","alternateName":"Obleas Pastor","url":"https:\/\/www.obleaspastor.com\/fr\/","logo":{"@type":"ImageObject","inLanguage":"fr-FR","@id":"https:\/\/www.obleaspastor.com\/fr\/#\/schema\/logo\/image\/","url":"https:\/\/www.obleaspastor.com\/wp-content\/uploads\/2024\/09\/logo-pie.png","contentUrl":"https:\/\/www.obleaspastor.com\/wp-content\/uploads\/2024\/09\/logo-pie.png","width":295,"height":163,"caption":"Obleas Pastor"},"image":{"@id":"https:\/\/www.obleaspastor.com\/fr\/#\/schema\/logo\/image\/"},"sameAs":["https:\/\/www.facebook.com\/obleaspastor","https:\/\/www.linkedin.com\/company\/obleaspastor\/","http:\/\/instagram.com\/obleaspastor"]}]}},"_links":{"self":[{"href":"https:\/\/www.obleaspastor.com\/fr\/wp-json\/wp\/v2\/pages\/9592","targetHints":{"allow":["GET"]}}],"collection":[{"href":"https:\/\/www.obleaspastor.com\/fr\/wp-json\/wp\/v2\/pages"}],"about":[{"href":"https:\/\/www.obleaspastor.com\/fr\/wp-json\/wp\/v2\/types\/page"}],"author":[{"embeddable":true,"href":"https:\/\/www.obleaspastor.com\/fr\/wp-json\/wp\/v2\/users\/1"}],"replies":[{"embeddable":true,"href":"https:\/\/www.obleaspastor.com\/fr\/wp-json\/wp\/v2\/comments?post=9592"}],"version-history":[{"count":0,"href":"https:\/\/www.obleaspastor.com\/fr\/wp-json\/wp\/v2\/pages\/9592\/revisions"}],"wp:attachment":[{"href":"https:\/\/www.obleaspastor.com\/fr\/wp-json\/wp\/v2\/media?parent=9592"}],"curies":[{"name":"wp","href":"https:\/\/api.w.org\/{rel}","templated":true}]}}