{"id":9835,"date":"2021-05-18T11:39:19","date_gmt":"2021-05-18T10:39:19","guid":{"rendered":"https:\/\/www.obleaspastor.com\/encuesta-de-satisfaccion-con-el-cliente-2020-2021\/"},"modified":"2021-05-18T12:07:30","modified_gmt":"2021-05-18T11:07:30","slug":"questionaire-de-satisfaction-du-client-2020-2021","status":"publish","type":"page","link":"https:\/\/www.obleaspastor.com\/fr\/questionaire-de-satisfaction-du-client-2020-2021\/","title":{"rendered":"QUESTIONAIRE DE SATISFACTION DU CLIENT 2020-2021"},"content":{"rendered":"<div class=\"wpb-content-wrapper\"><p>[vc_row css=\u00a0\u00bb.vc_custom_1621336025810{margin-top: 100px !important;margin-right: 10% !important;margin-left: 10% !important;}\u00a0\u00bb][vc_column][vc_column_text]<\/p>\n<h2>QUESTIONAIRE DE SATISFACTION DU CLIENT 2020-2021<\/h2>\n<p>Chez OBLEAS PASTOR nous avons un syst\u00e8me de gestion de et s\u00e9curit\u00e9 alimentaire orient\u00e9e au client par lequel nous vous d\u00e9tecter les possibles d\u00e9fauts dans nos produits pour pouvoir avec cela am\u00e9liorer, en vous donnant le service et le produit que vous m\u00e9rit\u00e9.<\/p>\n<p>Pour cela, nous vous prions de bien vouloir collaborer en remplissant ce questionnaire.[\/vc_column_text][vc_empty_space][vc_column_text][formidable id=3][\/vc_column_text][\/vc_column][\/vc_row]<\/p>\n<\/div>","protected":false},"excerpt":{"rendered":"<p>[vc_row css=\u00a0\u00bb.vc_custom_1621336025810{margin-top: 100px !important;margin-right: 10% !important;margin-left: 10% !important;}\u00a0\u00bb][vc_column][vc_column_text] QUESTIONAIRE DE SATISFACTION DU CLIENT 2020-2021 Chez OBLEAS PASTOR nous avons un syst\u00e8me de gestion de et s\u00e9curit\u00e9 alimentaire orient\u00e9e au client par lequel nous vous d\u00e9tecter les possibles d\u00e9fauts dans nos produits pour pouvoir avec cela [&hellip;]<\/p>\n","protected":false},"author":1,"featured_media":0,"parent":0,"menu_order":0,"comment_status":"closed","ping_status":"open","template":"","meta":{"footnotes":""},"class_list":["post-9835","page","type-page","status-publish","hentry"],"yoast_head":"<!-- This site is optimized with the Yoast SEO plugin v27.5 - https:\/\/yoast.com\/product\/yoast-seo-wordpress\/ -->\n<title>QUESTIONAIRE DE SATISFACTION DU CLIENT 2020-2021 &#187; Obleas Pastor<\/title>\n<meta name=\"robots\" content=\"index, follow, max-snippet:-1, max-image-preview:large, max-video-preview:-1\" \/>\n<link rel=\"canonical\" href=\"https:\/\/www.obleaspastor.com\/fr\/questionaire-de-satisfaction-du-client-2020-2021\/\" \/>\n<script type=\"application\/ld+json\" class=\"yoast-schema-graph\">{\"@context\":\"https:\\\/\\\/schema.org\",\"@graph\":[{\"@type\":\"WebPage\",\"@id\":\"https:\\\/\\\/www.obleaspastor.com\\\/fr\\\/questionaire-de-satisfaction-du-client-2020-2021\\\/\",\"url\":\"https:\\\/\\\/www.obleaspastor.com\\\/fr\\\/questionaire-de-satisfaction-du-client-2020-2021\\\/\",\"name\":\"QUESTIONAIRE DE SATISFACTION DU CLIENT 2020-2021 &#187; Obleas Pastor\",\"isPartOf\":{\"@id\":\"https:\\\/\\\/www.obleaspastor.com\\\/fr\\\/#website\"},\"datePublished\":\"2021-05-18T10:39:19+00:00\",\"dateModified\":\"2021-05-18T11:07:30+00:00\",\"breadcrumb\":{\"@id\":\"https:\\\/\\\/www.obleaspastor.com\\\/fr\\\/questionaire-de-satisfaction-du-client-2020-2021\\\/#breadcrumb\"},\"inLanguage\":\"fr-FR\",\"potentialAction\":[{\"@type\":\"ReadAction\",\"target\":[\"https:\\\/\\\/www.obleaspastor.com\\\/fr\\\/questionaire-de-satisfaction-du-client-2020-2021\\\/\"]}]},{\"@type\":\"BreadcrumbList\",\"@id\":\"https:\\\/\\\/www.obleaspastor.com\\\/fr\\\/questionaire-de-satisfaction-du-client-2020-2021\\\/#breadcrumb\",\"itemListElement\":[{\"@type\":\"ListItem\",\"position\":1,\"name\":\"Portada\",\"item\":\"https:\\\/\\\/www.obleaspastor.com\\\/fr\\\/oblea-2\\\/\"},{\"@type\":\"ListItem\",\"position\":2,\"name\":\"QUESTIONAIRE DE SATISFACTION DU CLIENT 2020-2021\"}]},{\"@type\":\"WebSite\",\"@id\":\"https:\\\/\\\/www.obleaspastor.com\\\/fr\\\/#website\",\"url\":\"https:\\\/\\\/www.obleaspastor.com\\\/fr\\\/\",\"name\":\"www.obleaspastor.com\",\"description\":\"Fabricante de Obleas en Alicante, Obleas para Imprimir, Boninas de Oblea, obleas a medida comestibles.\",\"publisher\":{\"@id\":\"https:\\\/\\\/www.obleaspastor.com\\\/fr\\\/#organization\"},\"alternateName\":\"Obleas Pastor\",\"potentialAction\":[{\"@type\":\"SearchAction\",\"target\":{\"@type\":\"EntryPoint\",\"urlTemplate\":\"https:\\\/\\\/www.obleaspastor.com\\\/fr\\\/?s={search_term_string}\"},\"query-input\":{\"@type\":\"PropertyValueSpecification\",\"valueRequired\":true,\"valueName\":\"search_term_string\"}}],\"inLanguage\":\"fr-FR\"},{\"@type\":\"Organization\",\"@id\":\"https:\\\/\\\/www.obleaspastor.com\\\/fr\\\/#organization\",\"name\":\"Obleas Pastor\",\"alternateName\":\"Obleas Pastor\",\"url\":\"https:\\\/\\\/www.obleaspastor.com\\\/fr\\\/\",\"logo\":{\"@type\":\"ImageObject\",\"inLanguage\":\"fr-FR\",\"@id\":\"https:\\\/\\\/www.obleaspastor.com\\\/fr\\\/#\\\/schema\\\/logo\\\/image\\\/\",\"url\":\"https:\\\/\\\/www.obleaspastor.com\\\/wp-content\\\/uploads\\\/2024\\\/09\\\/logo-pie.png\",\"contentUrl\":\"https:\\\/\\\/www.obleaspastor.com\\\/wp-content\\\/uploads\\\/2024\\\/09\\\/logo-pie.png\",\"width\":295,\"height\":163,\"caption\":\"Obleas Pastor\"},\"image\":{\"@id\":\"https:\\\/\\\/www.obleaspastor.com\\\/fr\\\/#\\\/schema\\\/logo\\\/image\\\/\"},\"sameAs\":[\"https:\\\/\\\/www.facebook.com\\\/obleaspastor\",\"https:\\\/\\\/www.linkedin.com\\\/company\\\/obleaspastor\\\/\",\"http:\\\/\\\/instagram.com\\\/obleaspastor\"]}]}<\/script>\n<!-- \/ Yoast SEO plugin. -->","yoast_head_json":{"title":"QUESTIONAIRE DE SATISFACTION DU CLIENT 2020-2021 &#187; Obleas Pastor","robots":{"index":"index","follow":"follow","max-snippet":"max-snippet:-1","max-image-preview":"max-image-preview:large","max-video-preview":"max-video-preview:-1"},"canonical":"https:\/\/www.obleaspastor.com\/fr\/questionaire-de-satisfaction-du-client-2020-2021\/","schema":{"@context":"https:\/\/schema.org","@graph":[{"@type":"WebPage","@id":"https:\/\/www.obleaspastor.com\/fr\/questionaire-de-satisfaction-du-client-2020-2021\/","url":"https:\/\/www.obleaspastor.com\/fr\/questionaire-de-satisfaction-du-client-2020-2021\/","name":"QUESTIONAIRE DE SATISFACTION DU CLIENT 2020-2021 &#187; Obleas Pastor","isPartOf":{"@id":"https:\/\/www.obleaspastor.com\/fr\/#website"},"datePublished":"2021-05-18T10:39:19+00:00","dateModified":"2021-05-18T11:07:30+00:00","breadcrumb":{"@id":"https:\/\/www.obleaspastor.com\/fr\/questionaire-de-satisfaction-du-client-2020-2021\/#breadcrumb"},"inLanguage":"fr-FR","potentialAction":[{"@type":"ReadAction","target":["https:\/\/www.obleaspastor.com\/fr\/questionaire-de-satisfaction-du-client-2020-2021\/"]}]},{"@type":"BreadcrumbList","@id":"https:\/\/www.obleaspastor.com\/fr\/questionaire-de-satisfaction-du-client-2020-2021\/#breadcrumb","itemListElement":[{"@type":"ListItem","position":1,"name":"Portada","item":"https:\/\/www.obleaspastor.com\/fr\/oblea-2\/"},{"@type":"ListItem","position":2,"name":"QUESTIONAIRE DE SATISFACTION DU CLIENT 2020-2021"}]},{"@type":"WebSite","@id":"https:\/\/www.obleaspastor.com\/fr\/#website","url":"https:\/\/www.obleaspastor.com\/fr\/","name":"www.obleaspastor.com","description":"Fabricante de Obleas en Alicante, Obleas para Imprimir, Boninas de Oblea, obleas a medida comestibles.","publisher":{"@id":"https:\/\/www.obleaspastor.com\/fr\/#organization"},"alternateName":"Obleas Pastor","potentialAction":[{"@type":"SearchAction","target":{"@type":"EntryPoint","urlTemplate":"https:\/\/www.obleaspastor.com\/fr\/?s={search_term_string}"},"query-input":{"@type":"PropertyValueSpecification","valueRequired":true,"valueName":"search_term_string"}}],"inLanguage":"fr-FR"},{"@type":"Organization","@id":"https:\/\/www.obleaspastor.com\/fr\/#organization","name":"Obleas Pastor","alternateName":"Obleas Pastor","url":"https:\/\/www.obleaspastor.com\/fr\/","logo":{"@type":"ImageObject","inLanguage":"fr-FR","@id":"https:\/\/www.obleaspastor.com\/fr\/#\/schema\/logo\/image\/","url":"https:\/\/www.obleaspastor.com\/wp-content\/uploads\/2024\/09\/logo-pie.png","contentUrl":"https:\/\/www.obleaspastor.com\/wp-content\/uploads\/2024\/09\/logo-pie.png","width":295,"height":163,"caption":"Obleas Pastor"},"image":{"@id":"https:\/\/www.obleaspastor.com\/fr\/#\/schema\/logo\/image\/"},"sameAs":["https:\/\/www.facebook.com\/obleaspastor","https:\/\/www.linkedin.com\/company\/obleaspastor\/","http:\/\/instagram.com\/obleaspastor"]}]}},"_links":{"self":[{"href":"https:\/\/www.obleaspastor.com\/fr\/wp-json\/wp\/v2\/pages\/9835","targetHints":{"allow":["GET"]}}],"collection":[{"href":"https:\/\/www.obleaspastor.com\/fr\/wp-json\/wp\/v2\/pages"}],"about":[{"href":"https:\/\/www.obleaspastor.com\/fr\/wp-json\/wp\/v2\/types\/page"}],"author":[{"embeddable":true,"href":"https:\/\/www.obleaspastor.com\/fr\/wp-json\/wp\/v2\/users\/1"}],"replies":[{"embeddable":true,"href":"https:\/\/www.obleaspastor.com\/fr\/wp-json\/wp\/v2\/comments?post=9835"}],"version-history":[{"count":0,"href":"https:\/\/www.obleaspastor.com\/fr\/wp-json\/wp\/v2\/pages\/9835\/revisions"}],"wp:attachment":[{"href":"https:\/\/www.obleaspastor.com\/fr\/wp-json\/wp\/v2\/media?parent=9835"}],"curies":[{"name":"wp","href":"https:\/\/api.w.org\/{rel}","templated":true}]}}